{"id":1014,"date":"2022-08-21T16:49:41","date_gmt":"2022-08-21T14:49:41","guid":{"rendered":"https:\/\/koloroweraki.pl\/?page_id=1014"},"modified":"2022-08-31T16:03:53","modified_gmt":"2022-08-31T14:03:53","slug":"regulamin-konkursu-zolty-piach","status":"publish","type":"page","link":"https:\/\/koloroweraki.pl\/index.php\/regulamin-konkursu-zolty-piach\/","title":{"rendered":"Regulamin konkursu &#8222;\u017b\u00d3\u0141TY PIACH&#8221;"},"content":{"rendered":"<p>1. Organizatorem konkursu jest Agata Wiklik-Szczeblewska w\u0142a\u015bcicielka bloga &#8222;Kolorowe raki&#8221;.<\/p>\n<p>2. W konkursie mog\u0105 wzi\u0105\u0107 udzia\u0142 wszyscy zainteresowani, nie spokrewnieni z organizatork\u0105, kt\u00f3rzy maj\u0105 dost\u0119p i mo\u017cliwo\u015b\u0107 komentowania na stronie https:\/\/www.facebook.com\/koloroweraki.<\/p>\n<p>3. W konkursie przewidziane jest <span style=\"color: #0000ff;\"><strong>pi\u0119\u0107 r\u00f3wnorz\u0119dnych nagr\u00f3d<\/strong><\/span>,\u00a0 ka\u017cda z nich sk\u0142ada si\u0119 z zestawu dw\u00f3ch produkt\u00f3w &#8211; <span style=\"color: #ff0000;\"><strong><a style=\"color: #ff0000;\" href=\"https:\/\/cutt.ly\/pXYjOI6\" target=\"_blank\" rel=\"noopener\">pasty do mycia z\u0119b\u00f3w Xerostom<\/a><\/strong><\/span> oraz <span style=\"color: #ff0000;\"><a style=\"color: #ff0000;\" href=\"https:\/\/cutt.ly\/qXYk0Tu\" target=\"_blank\" rel=\"noopener\"><strong>\u017celu zwi\u0119kszaj\u0105cego wydzielanie \u015bliny Xerostom<\/strong><\/a><\/span>. Dodatkiem do nagrody mog\u0105 by\u0107 gad\u017cety reklamowe i ulotki informacyjne.<\/p>\n<p>Nagrodzonych zostanie maksymalnie 5 uczestnik\u00f3w konkursu. Jeden uczestnik nie mo\u017ce otrzyma\u0107 wi\u0119cej ni\u017c jedn\u0105 nagrod\u0119. W przypadku niewielkiej ilo\u015bci zg\u0142osze\u0144 konkursowych &#8211; organizator zastrzega mo\u017cliwo\u015b\u0107 nie przyznania wszystkich nagr\u00f3d lub przed\u0142u\u017cenia czasu konkursu.<\/p>\n<p>4. Rozpocz\u0119cie konkursu nast\u0119puje w dniu 21.08.2022r. wraz z publikacj\u0105 wpisu <span style=\"color: #000000;\">&#8222;<\/span>\u017b\u00d3\u0141TY PIACH<span style=\"color: #000000;\">&#8221; na stronie https:\/\/www.facebook.com\/koloroweraki.<\/span><\/p>\n<p><span style=\"color: #000000;\">5. Zadaniem os\u00f3b bior\u0105cych udzia\u0142 w konkursie jest<span style=\"color: #0000ff;\"><strong> napisanie w komentarzu do wpisu, o kt\u00f3rym mowa w pkt.4, dlaczego chcia\u0142yby si\u0119 zdoby\u0107 produkty b\u0119d\u0105ce nagrodami.<\/strong><\/span>\u00a0 Uczestnik mo\u017ce opisa\u0107 swoje aktualne problemy z kserostomi\u0105 lub planowane leczenie, kt\u00f3re niesie prawdopodobie\u0144stwo takich powik\u0142a\u0144. Wpis mo\u017ce, ale nie musi zawiera\u0107 zdj\u0119cia lub inne grafiki.\u00a0 Zg\u0142oszenia konkursowe wstawione pod innymi wpisami, czy udost\u0119pnieniami posta konkursowego lub dosta<\/span>rczone organizatorowi w inny spos\u00f3b, nie b\u0119d\u0105 brane pod uwag\u0119 w konkursie.<\/p>\n<p>6. Uczestnicy mog\u0105 zg\u0142osi\u0107 do konkursu wy\u0142\u0105cznie opisy i ewentualne zdj\u0119cia\/grafiki b\u0119d\u0105ce ich w\u0142asno\u015bci\u0105. Organizator nie ponosi odpowiedzialno\u015bci za ewentualne nadu\u017cycie praw autorskich.<\/p>\n<p>7. Komentarze zawieraj\u0105ce tre\u015bci obra\u017aliwe, niezgodne z prawem lub ewidentnie nie zwi\u0105zane z tematem konkursu b\u0119d\u0105 usuwane przez organizatora i nie b\u0119d\u0105 brane pod uwag\u0119 w konkursie. Decyzj\u0119 o usuni\u0119ciu komentarza podejmuje organizator ko<span style=\"color: #000000;\">nkursu.<\/span><\/p>\n<p><span style=\"color: #000000;\">8. <strong><span style=\"color: #0000ff;\">Zwyci\u0119zc\u00f3w konkursu wybierze organizator.<\/span><\/strong> G\u0142osy\u00a0 w postaci &#8222;polubie\u0144&#8221; lub komentarzy pod zdj\u0119ciami konkursowymi mog\u0105 by\u0107 dla organizatora wskaz\u00f3wk\u0105 w wyborze zwyci\u0119zc\u00f3w, ale nie s\u0105 decyduj\u0105ce.\u00a0<\/span><\/p>\n<p><span style=\"color: #000000;\">9. <strong><span style=\"color: #0000ff;\">Zako\u0144czenie konkursu nast\u0105pi\u00a0 w dniu 29.08.2022r. o godzinie 22:00. <\/span><\/strong>Zg\u0142oszenia zamieszczone po tym terminie nie b\u0119d\u0105 brane pod uwag\u0119. Organizator zastrzega, \u017ce w przypadku, gdyby do tego terminu nie pojawi\u0142o si\u0119 minimum 5 komentarzy spe\u0142niaj\u0105cych warunki konkursu, czas trwania konkursu zostanie przed\u0142u\u017cony. Pierwsze\u0144stwo w zdobyciu nagr\u00f3d b\u0119d\u0105 mia\u0142y osoby, kt\u00f3re napisz\u0105 komentarz do pierwotnie przewidzianego terminu zako\u0144czenia.<\/span><\/p>\n<p><span style=\"color: #000000;\">10. Wyniki konkursu zostan\u0105 og\u0142oszone nie p\u00f3\u017aniej ni\u017c w dniu 09.09.2022r.\u00a0 (nie dotyczy ewentualno\u015bci przed\u0142u\u017cenia konkursu, kt\u00f3re zosta\u0142o opisane w pkt. 9 niniejszego regulaminu) na fanpagu Kolorowe raki. W og\u0142oszeniu wynik\u00f3w zostanie podana w p<\/span>o\u015bcie publicznym nazwa u\u017cytkownik\u00f3w, kt\u00f3rzy wygrali konkurs. Tym samym wszystkie osoby bior\u0105ce udzia\u0142 w konkursie zgadzaj\u0105 si\u0119 na publikacj\u0119 tych danych w przypadku zwyci\u0119stwa.<\/p>\n<p>11. Organizator zastrzega sobie mo\u017cliwo\u015b\u0107 zamieszczania informacji zwi\u0105zanych z konkursem na wszystkich prowadzonych przez siebie kana\u0142ach medialnych (FB, IG, WWW). Uczestnicy konkursu zamieszczaj\u0105c swoje wpisy konkursowe wyra\u017caj\u0105 zgod\u0119 na publikacj\u0119 na wszystkich tych kana\u0142ach.<\/p>\n<p>12. Po og\u0142oszeniu wynik\u00f3w organizator skontaktuje si\u0119 poprzez wiadomo\u015b\u0107 prywatn\u0105 ze zwyci\u0119zcami konkursu, w celu ustalenia danych do wys\u0142ania nagrody.<\/p>\n<p>13. Koszty wysy\u0142ki nagrody ponosi organizator konkursu.<\/p>\n","protected":false},"excerpt":{"rendered":"<p>1. Organizatorem konkursu jest Agata Wiklik-Szczeblewska w\u0142a\u015bcicielka bloga &#8222;Kolorowe raki&#8221;. 2. W konkursie mog\u0105 wzi\u0105\u0107 udzia\u0142 wszyscy zainteresowani, nie spokrewnieni z organizatork\u0105, kt\u00f3rzy maj\u0105 dost\u0119p i mo\u017cliwo\u015b\u0107 komentowania na stronie https:\/\/www.facebook.com\/koloroweraki. 3. W konkursie przewidziane jest pi\u0119\u0107 r\u00f3wnorz\u0119dnych nagr\u00f3d,\u00a0 ka\u017cda z nich sk\u0142ada si\u0119 z zestawu dw\u00f3ch produkt\u00f3w &#8211; pasty do mycia z\u0119b\u00f3w Xerostom oraz &hellip; <\/p>\n<p class=\"link-more\"><a href=\"https:\/\/koloroweraki.pl\/index.php\/regulamin-konkursu-zolty-piach\/\" class=\"more-link\">Czytaj dalej<span class=\"screen-reader-text\"> Regulamin konkursu &#8222;\u017b\u00d3\u0141TY PIACH&#8221;<\/span><\/a><\/p>\n","protected":false},"author":1,"featured_media":0,"parent":0,"menu_order":0,"comment_status":"closed","ping_status":"closed","template":"","meta":[],"_links":{"self":[{"href":"https:\/\/koloroweraki.pl\/index.php\/wp-json\/wp\/v2\/pages\/1014"}],"collection":[{"href":"https:\/\/koloroweraki.pl\/index.php\/wp-json\/wp\/v2\/pages"}],"about":[{"href":"https:\/\/koloroweraki.pl\/index.php\/wp-json\/wp\/v2\/types\/page"}],"author":[{"embeddable":true,"href":"https:\/\/koloroweraki.pl\/index.php\/wp-json\/wp\/v2\/users\/1"}],"replies":[{"embeddable":true,"href":"https:\/\/koloroweraki.pl\/index.php\/wp-json\/wp\/v2\/comments?post=1014"}],"version-history":[{"count":3,"href":"https:\/\/koloroweraki.pl\/index.php\/wp-json\/wp\/v2\/pages\/1014\/revisions"}],"predecessor-version":[{"id":1038,"href":"https:\/\/koloroweraki.pl\/index.php\/wp-json\/wp\/v2\/pages\/1014\/revisions\/1038"}],"wp:attachment":[{"href":"https:\/\/koloroweraki.pl\/index.php\/wp-json\/wp\/v2\/media?parent=1014"}],"curies":[{"name":"wp","href":"https:\/\/api.w.org\/{rel}","templated":true}]}}