{"id":1813,"date":"2024-10-03T17:14:14","date_gmt":"2024-10-03T15:14:14","guid":{"rendered":"https:\/\/koloroweraki.pl\/?page_id=1813"},"modified":"2024-12-18T18:28:32","modified_gmt":"2024-12-18T17:28:32","slug":"jak-nam-pomoc","status":"publish","type":"page","link":"https:\/\/koloroweraki.pl\/index.php\/jak-nam-pomoc\/","title":{"rendered":"JAK NAM POM\u00d3C ?"},"content":{"rendered":"<h1>Dzi\u0119kujemy, \u017ce chcesz wesprze\u0107 nasze dzia\u0142ania!<br \/>\nMo\u017cesz do zrobi\u0107 na r\u00f3\u017cne sposoby:<\/h1>\n<hr \/>\n<h4>Przelew z darowizn\u0105.<\/h4>\n<p>Wp\u0142acaj\u0105c dowoln\u0105 kwot\u0119 na konto fundacji, wpisz w tytule przelewu &#8222;darowizna&#8221; lub &#8222;darowizna na cele statutowe&#8221;.<\/p>\n<p><strong>nr konta:<\/strong><br \/>\n<span style=\"color: #339966;\"><strong>65109025290000000159532883<\/strong><\/span><\/p>\n<hr \/>\n<h4>Zostanie Patronem.<\/h4>\n<p>Deklaruj\u0105c wp\u0142aty na portalu Patronite, zasilisz konto prezes fundacji, kt\u00f3ra deklaruje wykorzystanie ca\u0142ego tak pozyskanego dochodu przeznaczy\u0107 na dzia\u0142alno\u015b\u0107 Fundacji Kolorowe raki.<\/p>\n<p><span style=\"color: #339966;\"><a style=\"color: #339966;\" href=\"https:\/\/patronite.pl\/Kolorowe-raki\" target=\"_blank\" rel=\"noopener\"><strong>https:\/\/patronite.pl\/Kolorowe-raki<\/strong><\/a><\/span><br \/>\n<iframe src=\"https:\/\/patronite.pl\/widget\/Kolorowe-raki\/778037\/small\/light\/colorful?description=Dzi%C4%99kuj%C4%99%20za%20Twoje%20wsparcie!\" width=\"300\" height=\"330\" frameborder=\"0\" scrolling=\"no\"><\/iframe><\/p>\n<hr \/>\n<h4>Pomaganie podczas zakup\u00f3w internetowych.<\/h4>\n<p>Zainstaluj aplikacj\u0119 FaniMani. Podczas robienia zakup\u00f3w w wielu sklepach internetowych, sprzedawcy b\u0119d\u0105 cz\u0119\u015b\u0107 mar\u017cy od Twoich zakup\u00f3w przekazywa\u0107 na dzia\u0142ania statutowe Fundacji Kolorowe raki. Ty nie poniesiesz \u017cadnych dodatkowych koszt\u00f3w.<\/p>\n<p><a href=\"https:\/\/fanimani.pl\/koloroweraki\/\" target=\"_blank\" rel=\"noopener\"><strong><span style=\"color: #339966;\">https:\/\/fanimani.pl\/koloroweraki\/<\/span><\/strong><\/a><\/p>\n<p><a href=\"https:\/\/fanimani.pl\/koloroweraki\/\" target=\"_blank\" rel=\"noopener\"><img loading=\"lazy\" class=\"alignnone wp-image-1844\" src=\"https:\/\/koloroweraki.pl\/wp-content\/uploads\/2024\/10\/zima-wiosna-albo-w-lecie-zapraszajcie-kogo-chcecie.png\" alt=\"\" width=\"300\" height=\"300\" srcset=\"https:\/\/koloroweraki.pl\/wp-content\/uploads\/2024\/10\/zima-wiosna-albo-w-lecie-zapraszajcie-kogo-chcecie.png 940w, https:\/\/koloroweraki.pl\/wp-content\/uploads\/2024\/10\/zima-wiosna-albo-w-lecie-zapraszajcie-kogo-chcecie-300x300.png 300w, https:\/\/koloroweraki.pl\/wp-content\/uploads\/2024\/10\/zima-wiosna-albo-w-lecie-zapraszajcie-kogo-chcecie-150x150.png 150w, https:\/\/koloroweraki.pl\/wp-content\/uploads\/2024\/10\/zima-wiosna-albo-w-lecie-zapraszajcie-kogo-chcecie-768x768.png 768w, https:\/\/koloroweraki.pl\/wp-content\/uploads\/2024\/10\/zima-wiosna-albo-w-lecie-zapraszajcie-kogo-chcecie-100x100.png 100w\" sizes=\"(max-width: 300px) 100vw, 300px\" \/><\/a><\/p>\n<hr \/>\n<h4>Przekazanie 1,5% przy rocznym rozliczeniu.<\/h4>\n<p>Fundacja Kolorowe raki nie ma jeszcze statusu OPP i nie mo\u017ce samodzielnie zbiera\u0107 1,5% podatku. Natomiast wspiera nas w tym wzgl\u0119dzie Fundacja M\u0142odzi M\u0142odym i za jej po\u015brednictwem mo\u017cesz wspom\u00f3c nasze dzia\u0142ania.<\/p>\n<p><strong>Wystarczy, \u017ce przy rozliczeniu rocznym wpiszesz:<\/strong><br \/>\n<strong>KRS: <span style=\"color: #339966;\">0000270261<\/span><\/strong><br \/>\n<strong>DOPISEK: <span style=\"color: #339966;\">FUNDACJA KOLOROWE RAKI 23106<\/span><\/strong><\/p>\n<p><img loading=\"lazy\" class=\"alignnone wp-image-1846\" src=\"https:\/\/koloroweraki.pl\/wp-content\/uploads\/2024\/10\/MlodziMlodym_wizytowka.jpg\" alt=\"\" width=\"301\" height=\"172\" srcset=\"https:\/\/koloroweraki.pl\/wp-content\/uploads\/2024\/10\/MlodziMlodym_wizytowka.jpg 555w, https:\/\/koloroweraki.pl\/wp-content\/uploads\/2024\/10\/MlodziMlodym_wizytowka-300x172.jpg 300w\" sizes=\"(max-width: 301px) 100vw, 301px\" \/><\/p>\n<hr \/>\n<p>&nbsp;<\/p>\n","protected":false},"excerpt":{"rendered":"<p>Dzi\u0119kujemy, \u017ce chcesz wesprze\u0107 nasze dzia\u0142ania! Mo\u017cesz do zrobi\u0107 na r\u00f3\u017cne sposoby: Przelew z darowizn\u0105. Wp\u0142acaj\u0105c dowoln\u0105 kwot\u0119 na konto fundacji, wpisz w tytule przelewu &#8222;darowizna&#8221; lub &#8222;darowizna na cele statutowe&#8221;. nr konta: 65109025290000000159532883 Zostanie Patronem. Deklaruj\u0105c wp\u0142aty na portalu Patronite, zasilisz konto prezes fundacji, kt\u00f3ra deklaruje wykorzystanie ca\u0142ego tak pozyskanego dochodu przeznaczy\u0107 na dzia\u0142alno\u015b\u0107 &hellip; <\/p>\n<p class=\"link-more\"><a href=\"https:\/\/koloroweraki.pl\/index.php\/jak-nam-pomoc\/\" class=\"more-link\">Czytaj dalej<span class=\"screen-reader-text\"> JAK NAM POM\u00d3C ?<\/span><\/a><\/p>\n","protected":false},"author":1,"featured_media":0,"parent":0,"menu_order":0,"comment_status":"closed","ping_status":"closed","template":"","meta":[],"_links":{"self":[{"href":"https:\/\/koloroweraki.pl\/index.php\/wp-json\/wp\/v2\/pages\/1813"}],"collection":[{"href":"https:\/\/koloroweraki.pl\/index.php\/wp-json\/wp\/v2\/pages"}],"about":[{"href":"https:\/\/koloroweraki.pl\/index.php\/wp-json\/wp\/v2\/types\/page"}],"author":[{"embeddable":true,"href":"https:\/\/koloroweraki.pl\/index.php\/wp-json\/wp\/v2\/users\/1"}],"replies":[{"embeddable":true,"href":"https:\/\/koloroweraki.pl\/index.php\/wp-json\/wp\/v2\/comments?post=1813"}],"version-history":[{"count":7,"href":"https:\/\/koloroweraki.pl\/index.php\/wp-json\/wp\/v2\/pages\/1813\/revisions"}],"predecessor-version":[{"id":1943,"href":"https:\/\/koloroweraki.pl\/index.php\/wp-json\/wp\/v2\/pages\/1813\/revisions\/1943"}],"wp:attachment":[{"href":"https:\/\/koloroweraki.pl\/index.php\/wp-json\/wp\/v2\/media?parent=1813"}],"curies":[{"name":"wp","href":"https:\/\/api.w.org\/{rel}","templated":true}]}}