{"id":1856,"date":"2024-10-14T11:07:28","date_gmt":"2024-10-14T09:07:28","guid":{"rendered":"https:\/\/koloroweraki.pl\/?page_id=1856"},"modified":"2024-10-14T11:07:28","modified_gmt":"2024-10-14T09:07:28","slug":"onko-zestawienia","status":"publish","type":"page","link":"https:\/\/koloroweraki.pl\/index.php\/onko-zestawienia\/","title":{"rendered":"ONKO-ZESTAWIENIA"},"content":{"rendered":"<p>Klikaj\u0105c w pole z interesuj\u0105cym Ci\u0119 tematem, przejdziesz do zestawienia z materia\u0142ami informacyjnymi:<\/p>\n<table>\n<tbody>\n<tr>\n<td width=\"302\"><a href=\"https:\/\/www.facebook.com\/groups\/koloroweraki\/permalink\/4803804302986075\/\" target=\"_blank\" rel=\"noopener\"><img loading=\"lazy\" class=\"alignnone size-full wp-image-1862\" src=\"https:\/\/koloroweraki.pl\/wp-content\/uploads\/2024\/10\/4.png\" alt=\"\" width=\"940\" height=\"788\" srcset=\"https:\/\/koloroweraki.pl\/wp-content\/uploads\/2024\/10\/4.png 940w, https:\/\/koloroweraki.pl\/wp-content\/uploads\/2024\/10\/4-300x251.png 300w, https:\/\/koloroweraki.pl\/wp-content\/uploads\/2024\/10\/4-768x644.png 768w\" sizes=\"(max-width: 767px) 89vw, (max-width: 1000px) 54vw, (max-width: 1071px) 543px, 580px\" \/><\/a><\/td>\n<td width=\"302\"><a href=\"https:\/\/www.facebook.com\/groups\/koloroweraki\/permalink\/7337278206305326\/\" target=\"_blank\" rel=\"noopener\"><img loading=\"lazy\" class=\"alignnone size-full wp-image-1859\" src=\"https:\/\/koloroweraki.pl\/wp-content\/uploads\/2024\/10\/1.png\" alt=\"\" width=\"940\" height=\"788\" srcset=\"https:\/\/koloroweraki.pl\/wp-content\/uploads\/2024\/10\/1.png 940w, https:\/\/koloroweraki.pl\/wp-content\/uploads\/2024\/10\/1-300x251.png 300w, https:\/\/koloroweraki.pl\/wp-content\/uploads\/2024\/10\/1-768x644.png 768w\" sizes=\"(max-width: 767px) 89vw, (max-width: 1000px) 54vw, (max-width: 1071px) 543px, 580px\" \/><\/a><\/td>\n<\/tr>\n<tr>\n<td width=\"302\"><a href=\"https:\/\/www.facebook.com\/groups\/koloroweraki\/permalink\/5176047609095074\/\" target=\"_blank\" rel=\"noopener\"><img loading=\"lazy\" class=\"alignnone size-full wp-image-1863\" src=\"https:\/\/koloroweraki.pl\/wp-content\/uploads\/2024\/10\/5.png\" alt=\"\" width=\"940\" height=\"788\" srcset=\"https:\/\/koloroweraki.pl\/wp-content\/uploads\/2024\/10\/5.png 940w, https:\/\/koloroweraki.pl\/wp-content\/uploads\/2024\/10\/5-300x251.png 300w, https:\/\/koloroweraki.pl\/wp-content\/uploads\/2024\/10\/5-768x644.png 768w\" sizes=\"(max-width: 767px) 89vw, (max-width: 1000px) 54vw, (max-width: 1071px) 543px, 580px\" \/><\/a><\/td>\n<td width=\"302\"><a href=\"https:\/\/www.facebook.com\/groups\/koloroweraki\/permalink\/5210756075624227\/\" target=\"_blank\" rel=\"noopener\"><img loading=\"lazy\" class=\"alignnone size-full wp-image-1860\" src=\"https:\/\/koloroweraki.pl\/wp-content\/uploads\/2024\/10\/2.png\" alt=\"\" width=\"940\" height=\"788\" srcset=\"https:\/\/koloroweraki.pl\/wp-content\/uploads\/2024\/10\/2.png 940w, https:\/\/koloroweraki.pl\/wp-content\/uploads\/2024\/10\/2-300x251.png 300w, https:\/\/koloroweraki.pl\/wp-content\/uploads\/2024\/10\/2-768x644.png 768w\" sizes=\"(max-width: 767px) 89vw, (max-width: 1000px) 54vw, (max-width: 1071px) 543px, 580px\" \/><\/a><\/td>\n<\/tr>\n<tr>\n<td width=\"302\"><a href=\"https:\/\/www.facebook.com\/groups\/koloroweraki\/permalink\/5522764221090076\/\" target=\"_blank\" rel=\"noopener\"><img loading=\"lazy\" class=\"alignnone size-full wp-image-1861\" src=\"https:\/\/koloroweraki.pl\/wp-content\/uploads\/2024\/10\/3.png\" alt=\"\" width=\"940\" height=\"788\" srcset=\"https:\/\/koloroweraki.pl\/wp-content\/uploads\/2024\/10\/3.png 940w, https:\/\/koloroweraki.pl\/wp-content\/uploads\/2024\/10\/3-300x251.png 300w, https:\/\/koloroweraki.pl\/wp-content\/uploads\/2024\/10\/3-768x644.png 768w\" sizes=\"(max-width: 767px) 89vw, (max-width: 1000px) 54vw, (max-width: 1071px) 543px, 580px\" \/><\/a><\/td>\n<td width=\"302\"><a href=\"https:\/\/www.facebook.com\/koloroweraki\/posts\/391292416345782\" target=\"_blank\" rel=\"noopener\"><img loading=\"lazy\" class=\"alignnone size-full wp-image-1857\" src=\"https:\/\/koloroweraki.pl\/wp-content\/uploads\/2024\/10\/6.png\" alt=\"\" width=\"940\" height=\"788\" srcset=\"https:\/\/koloroweraki.pl\/wp-content\/uploads\/2024\/10\/6.png 940w, https:\/\/koloroweraki.pl\/wp-content\/uploads\/2024\/10\/6-300x251.png 300w, https:\/\/koloroweraki.pl\/wp-content\/uploads\/2024\/10\/6-768x644.png 768w\" sizes=\"(max-width: 767px) 89vw, (max-width: 1000px) 54vw, (max-width: 1071px) 543px, 580px\" \/><\/a><\/td>\n<\/tr>\n<tr>\n<td width=\"302\"><a href=\"https:\/\/www.facebook.com\/koloroweraki\/posts\/343531961121828\" target=\"_blank\" rel=\"noopener\"><img loading=\"lazy\" class=\"alignnone size-full wp-image-1858\" src=\"https:\/\/koloroweraki.pl\/wp-content\/uploads\/2024\/10\/7.png\" alt=\"\" width=\"940\" height=\"788\" srcset=\"https:\/\/koloroweraki.pl\/wp-content\/uploads\/2024\/10\/7.png 940w, https:\/\/koloroweraki.pl\/wp-content\/uploads\/2024\/10\/7-300x251.png 300w, https:\/\/koloroweraki.pl\/wp-content\/uploads\/2024\/10\/7-768x644.png 768w\" sizes=\"(max-width: 767px) 89vw, (max-width: 1000px) 54vw, (max-width: 1071px) 543px, 580px\" \/><\/a><\/td>\n<td width=\"302\">&nbsp;<\/td>\n<\/tr>\n<\/tbody>\n<\/table>\n","protected":false},"excerpt":{"rendered":"<p>Klikaj\u0105c w pole z interesuj\u0105cym Ci\u0119 tematem, przejdziesz do zestawienia z materia\u0142ami informacyjnymi: &nbsp;<\/p>\n","protected":false},"author":1,"featured_media":0,"parent":0,"menu_order":0,"comment_status":"closed","ping_status":"closed","template":"","meta":[],"_links":{"self":[{"href":"https:\/\/koloroweraki.pl\/index.php\/wp-json\/wp\/v2\/pages\/1856"}],"collection":[{"href":"https:\/\/koloroweraki.pl\/index.php\/wp-json\/wp\/v2\/pages"}],"about":[{"href":"https:\/\/koloroweraki.pl\/index.php\/wp-json\/wp\/v2\/types\/page"}],"author":[{"embeddable":true,"href":"https:\/\/koloroweraki.pl\/index.php\/wp-json\/wp\/v2\/users\/1"}],"replies":[{"embeddable":true,"href":"https:\/\/koloroweraki.pl\/index.php\/wp-json\/wp\/v2\/comments?post=1856"}],"version-history":[{"count":1,"href":"https:\/\/koloroweraki.pl\/index.php\/wp-json\/wp\/v2\/pages\/1856\/revisions"}],"predecessor-version":[{"id":1864,"href":"https:\/\/koloroweraki.pl\/index.php\/wp-json\/wp\/v2\/pages\/1856\/revisions\/1864"}],"wp:attachment":[{"href":"https:\/\/koloroweraki.pl\/index.php\/wp-json\/wp\/v2\/media?parent=1856"}],"curies":[{"name":"wp","href":"https:\/\/api.w.org\/{rel}","templated":true}]}}