{"id":2010,"date":"2025-05-06T18:09:30","date_gmt":"2025-05-06T16:09:30","guid":{"rendered":"https:\/\/koloroweraki.pl\/?page_id=2010"},"modified":"2025-05-06T18:35:29","modified_gmt":"2025-05-06T16:35:29","slug":"jestes-piekna","status":"publish","type":"page","link":"https:\/\/koloroweraki.pl\/index.php\/jestes-piekna\/","title":{"rendered":"JESTE\u015a PI\u0118KNA"},"content":{"rendered":"<h2><span style=\"color: #008000;\"><strong>Ju\u017c wkr\u00f3tce zdradzimy szczeg\u00f3\u0142y projektu<br \/>\n&#8222;JESTE\u015a PI\u0118KNA&#8221;.<\/strong><\/span><br \/>\n<span style=\"color: #808080;\">Prosimy o jeszcze chwilk\u0119 cierpliwo\u015bci&#8230;<\/span><\/h2>\n<div class=\"x11i5rnm xat24cr x1mh8g0r x1vvkbs xtlvy1s x126k92a\">\n<h4 dir=\"auto\">Adresaci akcji:<\/h4>\n<div dir=\"auto\">Doros\u0142e pacjentki onkologiczne mieszkaj\u0105ce na terenie Polski, w szczeg\u00f3lno\u015bci we Wroc\u0142awiu.<\/div>\n<h4 dir=\"auto\"><span style=\"font-size: 1rem; font-weight: 800;\">Zasady akcji:<\/span><\/h4>\n<\/div>\n<div class=\"x11i5rnm xat24cr x1mh8g0r x1vvkbs xtlvy1s x126k92a\">\n<div dir=\"auto\"><span style=\"color: #999999;\">W trakcie opracowania&#8230;<\/span><\/div>\n<\/div>\n<h4>Cele akcji &#8222;JESTE\u015a PI\u0118KNA&#8221;:<\/h4>\n<ul>\n<li><span style=\"color: #999999;\">W trakcie opracowania&#8230;<\/span><\/li>\n<\/ul>\n<hr \/>\n<p><span style=\"color: #339966;\"><strong>REALIZACJA AKCJI:<\/strong><\/span><\/p>\n<p><span style=\"color: #999999;\">W trakcie opracowania&#8230;<\/span><\/p>\n","protected":false},"excerpt":{"rendered":"<p>Ju\u017c wkr\u00f3tce zdradzimy szczeg\u00f3\u0142y projektu &#8222;JESTE\u015a PI\u0118KNA&#8221;. Prosimy o jeszcze chwilk\u0119 cierpliwo\u015bci&#8230; Adresaci akcji: Doros\u0142e pacjentki onkologiczne mieszkaj\u0105ce na terenie Polski, w szczeg\u00f3lno\u015bci we Wroc\u0142awiu. Zasady akcji: W trakcie opracowania&#8230; Cele akcji &#8222;JESTE\u015a PI\u0118KNA&#8221;: W trakcie opracowania&#8230; REALIZACJA AKCJI: W trakcie opracowania&#8230;<\/p>\n","protected":false},"author":1,"featured_media":0,"parent":0,"menu_order":0,"comment_status":"closed","ping_status":"closed","template":"","meta":[],"_links":{"self":[{"href":"https:\/\/koloroweraki.pl\/index.php\/wp-json\/wp\/v2\/pages\/2010"}],"collection":[{"href":"https:\/\/koloroweraki.pl\/index.php\/wp-json\/wp\/v2\/pages"}],"about":[{"href":"https:\/\/koloroweraki.pl\/index.php\/wp-json\/wp\/v2\/types\/page"}],"author":[{"embeddable":true,"href":"https:\/\/koloroweraki.pl\/index.php\/wp-json\/wp\/v2\/users\/1"}],"replies":[{"embeddable":true,"href":"https:\/\/koloroweraki.pl\/index.php\/wp-json\/wp\/v2\/comments?post=2010"}],"version-history":[{"count":3,"href":"https:\/\/koloroweraki.pl\/index.php\/wp-json\/wp\/v2\/pages\/2010\/revisions"}],"predecessor-version":[{"id":2021,"href":"https:\/\/koloroweraki.pl\/index.php\/wp-json\/wp\/v2\/pages\/2010\/revisions\/2021"}],"wp:attachment":[{"href":"https:\/\/koloroweraki.pl\/index.php\/wp-json\/wp\/v2\/media?parent=2010"}],"curies":[{"name":"wp","href":"https:\/\/api.w.org\/{rel}","templated":true}]}}