{"id":33,"date":"2021-01-24T19:33:34","date_gmt":"2021-01-24T18:33:34","guid":{"rendered":"http:\/\/koloroweraki.pl\/?page_id=33"},"modified":"2024-10-12T15:01:19","modified_gmt":"2024-10-12T13:01:19","slug":"kontakt","status":"publish","type":"page","link":"https:\/\/koloroweraki.pl\/index.php\/kontakt\/","title":{"rendered":"KONTAKT"},"content":{"rendered":"\r\n<p><span style=\"color: #339966;\"><strong>FUNDACJA KOLOROWE RAKI<\/strong><\/span><br \/>KRS: 0001123215<br \/>NIP: 8993003283<br \/>REGON: 529610588<\/p>\r\n<p><a href=\"https:\/\/www.facebook.com\/koloroweraki\" target=\"_blank\" rel=\"noopener\"><img loading=\"lazy\" class=\"alignnone  wp-image-1770\" src=\"https:\/\/koloroweraki.pl\/wp-content\/uploads\/2024\/10\/FB.png\" alt=\"\" width=\"140\" height=\"140\" srcset=\"https:\/\/koloroweraki.pl\/wp-content\/uploads\/2024\/10\/FB.png 256w, https:\/\/koloroweraki.pl\/wp-content\/uploads\/2024\/10\/FB-150x150.png 150w, https:\/\/koloroweraki.pl\/wp-content\/uploads\/2024\/10\/FB-100x100.png 100w\" sizes=\"(max-width: 140px) 100vw, 140px\" \/><\/a>\u00a0 \u00a0 <a href=\"https:\/\/www.instagram.com\/kolorowe_raki\/\" target=\"_blank\" rel=\"noopener\"><img loading=\"lazy\" class=\"alignnone  wp-image-1771\" src=\"https:\/\/koloroweraki.pl\/wp-content\/uploads\/2024\/10\/Projekt-bez-nazwy.png\" alt=\"\" width=\"140\" height=\"140\" srcset=\"https:\/\/koloroweraki.pl\/wp-content\/uploads\/2024\/10\/Projekt-bez-nazwy.png 1080w, https:\/\/koloroweraki.pl\/wp-content\/uploads\/2024\/10\/Projekt-bez-nazwy-300x300.png 300w, https:\/\/koloroweraki.pl\/wp-content\/uploads\/2024\/10\/Projekt-bez-nazwy-1024x1024.png 1024w, https:\/\/koloroweraki.pl\/wp-content\/uploads\/2024\/10\/Projekt-bez-nazwy-150x150.png 150w, https:\/\/koloroweraki.pl\/wp-content\/uploads\/2024\/10\/Projekt-bez-nazwy-768x768.png 768w, https:\/\/koloroweraki.pl\/wp-content\/uploads\/2024\/10\/Projekt-bez-nazwy-100x100.png 100w\" sizes=\"(max-width: 140px) 100vw, 140px\" \/><\/a><\/p>\r\n<p><span style=\"color: #999999;\"><em>Profile na FB i IG s\u0105 w trakcie dostosowania ich do dzia\u0142alno\u015bci fundacji.<\/em><\/span><br \/><span style=\"color: #999999;\"><em>Prosimy o chwil\u0119 cierpliwo\u015bci.<\/em><\/span><\/p>\r\n<h4>telefon:<\/h4>\r\n<p><strong><span style=\"color: #339966;\">+48 668 145 053<\/span><\/strong><\/p>\r\n<h4>mail:<\/h4>\r\n<p>Agata Wiklik-Szczeblewska &#8211; prezes fundacji<br \/><strong><span style=\"color: #339966;\">agata@koloroweraki.pl<\/span><\/strong><\/p>\r\n<p>Martyna Cherubin &#8211; wiceprezes fundacji<br \/><strong><span style=\"color: #339966;\">martyna@koloroweraki.pl<\/span><\/strong><\/p>\r\n<p>&nbsp;<\/p>\r\n<h4>siedziba fundacji \/ adres korespondencyjny:<\/h4>\r\n<p>ul. Krzysztofa Komedy 18 \/ 8<br \/>52-234 Wroc\u0142aw<br \/>Polska<\/p>\r\n<h4>nr konta:<\/h4>\r\n<p>65 1090 2529 0000 0001 5953 2883<\/p>\r\n<p>&nbsp;<\/p>","protected":false},"excerpt":{"rendered":"<p>FUNDACJA KOLOROWE RAKIKRS: 0001123215NIP: 8993003283REGON: 529610588 \u00a0 \u00a0 Profile na FB i IG s\u0105 w trakcie dostosowania ich do dzia\u0142alno\u015bci fundacji.Prosimy o chwil\u0119 cierpliwo\u015bci. telefon: +48 668 145 053 mail: Agata Wiklik-Szczeblewska &#8211; prezes fundacjiagata@koloroweraki.pl Martyna Cherubin &#8211; wiceprezes fundacjimartyna@koloroweraki.pl &nbsp; siedziba fundacji \/ adres korespondencyjny: ul. Krzysztofa Komedy 18 \/ 852-234 Wroc\u0142awPolska nr konta: &hellip; <\/p>\n<p class=\"link-more\"><a href=\"https:\/\/koloroweraki.pl\/index.php\/kontakt\/\" class=\"more-link\">Czytaj dalej<span class=\"screen-reader-text\"> KONTAKT<\/span><\/a><\/p>\n","protected":false},"author":1,"featured_media":0,"parent":0,"menu_order":0,"comment_status":"closed","ping_status":"closed","template":"","meta":[],"_links":{"self":[{"href":"https:\/\/koloroweraki.pl\/index.php\/wp-json\/wp\/v2\/pages\/33"}],"collection":[{"href":"https:\/\/koloroweraki.pl\/index.php\/wp-json\/wp\/v2\/pages"}],"about":[{"href":"https:\/\/koloroweraki.pl\/index.php\/wp-json\/wp\/v2\/types\/page"}],"author":[{"embeddable":true,"href":"https:\/\/koloroweraki.pl\/index.php\/wp-json\/wp\/v2\/users\/1"}],"replies":[{"embeddable":true,"href":"https:\/\/koloroweraki.pl\/index.php\/wp-json\/wp\/v2\/comments?post=33"}],"version-history":[{"count":15,"href":"https:\/\/koloroweraki.pl\/index.php\/wp-json\/wp\/v2\/pages\/33\/revisions"}],"predecessor-version":[{"id":1842,"href":"https:\/\/koloroweraki.pl\/index.php\/wp-json\/wp\/v2\/pages\/33\/revisions\/1842"}],"wp:attachment":[{"href":"https:\/\/koloroweraki.pl\/index.php\/wp-json\/wp\/v2\/media?parent=33"}],"curies":[{"name":"wp","href":"https:\/\/api.w.org\/{rel}","templated":true}]}}