{"id":582,"date":"2021-10-07T14:38:43","date_gmt":"2021-10-07T12:38:43","guid":{"rendered":"https:\/\/koloroweraki.pl\/?page_id=582"},"modified":"2021-10-07T14:38:43","modified_gmt":"2021-10-07T12:38:43","slug":"regulamin-konkursu-rozowe-zadanie","status":"publish","type":"page","link":"https:\/\/koloroweraki.pl\/index.php\/regulamin-konkursu-rozowe-zadanie\/","title":{"rendered":"Regulamin konkursu &#8222;R\u00d3\u017bOWE ZADANIE&#8221;"},"content":{"rendered":"<p>1. Organizatorem konkursu jest Agata Wiklik-Szczeblewska w\u0142a\u015bcicielka bloga &#8222;Kolorowe raki&#8221;.<\/p>\n<p>2. W konkursie mog\u0105 wzi\u0105\u0107 udzia\u0142 wszyscy zainteresowani, nie spokrewnieni z organizatork\u0105, kt\u00f3rzy maj\u0105 dost\u0119p i mo\u017cliwo\u015b\u0107 komentowania na stronie https:\/\/www.facebook.com\/koloroweraki.<\/p>\n<p>3. W konkursie przewidziana jest jedna nagroda &#8211; wyr\u00f3\u017cnienie, w sk\u0142ad kt\u00f3rej wchodz\u0105:<\/p>\n<p><strong style=\"font-size: 1rem;\">kosmetyki firmy\u00a0<a href=\"https:\/\/www.facebook.com\/PharmacerisPL\" target=\"_blank\" rel=\"noopener\">Pharmaceris<\/a> :<br \/>\n<\/strong><span class=\"pq6dq46d tbxw36s4 knj5qynh kvgmc6g5 ditlmg2l oygrvhab nvdbi5me sf5mxxl7 gl3lb2sf hhz5lgdu\" style=\"font-size: 1rem;\"><img loading=\"lazy\" src=\"https:\/\/static.xx.fbcdn.net\/images\/emoji.php\/v9\/t84\/1\/16\/1f381.png\" alt=\"\ud83c\udf81\" width=\"16\" height=\"16\" \/><\/span><span style=\"font-size: 1rem;\"> \u0142agodz\u0105co-regeneruj\u0105cy krem do twarzy i cia\u0142a \u2013 PHARMACERIS X (\u015bwietny r\u00f3wnie\u017c po radioterapii!),<br \/>\n<\/span><span class=\"pq6dq46d tbxw36s4 knj5qynh kvgmc6g5 ditlmg2l oygrvhab nvdbi5me sf5mxxl7 gl3lb2sf hhz5lgdu\" style=\"font-size: 1rem;\"><img loading=\"lazy\" src=\"https:\/\/static.xx.fbcdn.net\/images\/emoji.php\/v9\/t84\/1\/16\/1f381.png\" alt=\"\ud83c\udf81\" width=\"16\" height=\"16\" \/><\/span><span style=\"font-size: 1rem;\"> specjalistyczny szampon stymuluj\u0105cy wzrost w\u0142os\u00f3w pobudzaj\u0105cy odrastanie w\u0142os\u00f3w i ich zag\u0119szczenie \u2013 PHARMACERIS H (idealny na czas, kiedy w\u0142osy nie bardzo chc\u0105 odrasta\u0107 po chemioterapii lub innym leczeniu),<br \/>\n<\/span><span class=\"pq6dq46d tbxw36s4 knj5qynh kvgmc6g5 ditlmg2l oygrvhab nvdbi5me sf5mxxl7 gl3lb2sf hhz5lgdu\" style=\"font-size: 1rem;\"><img loading=\"lazy\" src=\"https:\/\/static.xx.fbcdn.net\/images\/emoji.php\/v9\/t84\/1\/16\/1f381.png\" alt=\"\ud83c\udf81\" width=\"16\" height=\"16\" \/><\/span><span style=\"font-size: 1rem;\"> krem specjalna ochrona spf 100+ do twarzy i cia\u0142a \u2013 PHARMACERIS A (jak\u017ce wa\u017cne jest zabezpieczenie sk\u00f3ry os\u0142abionej radio-, ale i chemioterapi\u0105 przed s\u0142o\u0144cem!)<\/span><\/p>\n<div class=\"o9v6fnle cxmmr5t8 oygrvhab hcukyx3x c1et5uql ii04i59q\">\n<div dir=\"auto\">oraz<\/div>\n<div dir=\"auto\"><\/div>\n<\/div>\n<div class=\"o9v6fnle cxmmr5t8 oygrvhab hcukyx3x c1et5uql ii04i59q\">\n<div dir=\"auto\"><span class=\"pq6dq46d tbxw36s4 knj5qynh kvgmc6g5 ditlmg2l oygrvhab nvdbi5me sf5mxxl7 gl3lb2sf hhz5lgdu\"><img loading=\"lazy\" src=\"https:\/\/static.xx.fbcdn.net\/images\/emoji.php\/v9\/t84\/1\/16\/1f381.png\" alt=\"\ud83c\udf81\" width=\"16\" height=\"16\" \/><\/span>\u00a0<strong>ksi\u0105\u017cka Joanny G\u00f3rskiej i Roberta Szulca pt. \u201eDziad. On silny, my silniejsi.\u201d<\/strong><\/div>\n<\/div>\n<p>&#8211; \u201eDziad. On silny, my silniejsi\u201d Joanny G\u00f3rskiej i Roberta Szulca,<\/p>\n<p>4. Rozpocz\u0119cie konkursu nast\u0119puje w dniu 10.10.2021r. wraz z publikacj\u0105 wpisu &#8222;R\u00d3\u017bOWE ZADANIE&#8221; na stronie https:\/\/www.facebook.com\/koloroweraki.<\/p>\n<p>5. Zadaniem os\u00f3b bior\u0105cych udzia\u0142 w konkursie jest wstawienie komentarza do wpisu &#8222;R\u00d3\u017bOWE ZADANIE&#8221; na stronie wymienionej w pkt.4, spe\u0142niaj\u0105cego nast\u0119puj\u0105ce wymogi:<\/p>\n<ul>\n<li><span style=\"color: #0000ff;\">wymienienie 10 kobiet znanych osobi\u015bcie autorowi komentarza (nie jest konieczne oznaczenie wymienianych os\u00f3b, ale jest to mile widziane; nie jest wymagane podawanie imienia i nazwiska osoby &#8211; dopuszczalne jest stosowanie pseudonim\u00f3w, opis\u00f3w, stopnia pokrewie\u0144stwa czy znajomo\u015bci, samych imion, itd.)<\/span><\/li>\n<li><span style=\"color: #339966;\">przypomnienie tym kobietom o profilaktyce raka piersi &#8211; tj. comiesi\u0119cznym samobadaniu i regularnych badaniach usg lub mammografii<\/span><\/li>\n<li><span style=\"color: #ff0000;\">uargumentowanie zaproszenia do w.w. dzia\u0142a\u0144 profilaktycznych w dowolny spos\u00f3b, przy u\u017cyciu maksymalnie 50 wyraz\u00f3w (mo\u017cliwe dowolne formy przekazu s\u0142ownego, nie naruszaj\u0105ce niczyjego dobra, zgodne z prawem i normami obyczajowymi)<\/span><\/li>\n<\/ul>\n<p>PRZYK\u0141AD KOMENTARZA KONKURSOWEGO:<\/p>\n<p><span style=\"color: #0000ff;\">@Maria Kowalska, @Kole\u017canka1, moja Siostro, pani Moniko z kursu jogi, @BeataB, Mamo, @AnkaKsi\u0119gowa, s\u0105siadko Bo\u017cenko, @AlicjaNowak, moja najlepsza przyjaci\u00f3\u0142ko Asiu<\/span> &#8211; <span style=\"color: #339966;\">przypominam Wam o konieczno\u015bci comiesi\u0119cznego badania piersi i wykonywania regularnie badania USG lub mammografii!<\/span> <span style=\"color: #ff0000;\">Przypominam Wam o tym, poniewa\u017c jeste\u015bcie dla mnie szalenie wa\u017cne i nie chcia\u0142abym, \u017ceby\u015bcie wpad\u0142y w powa\u017cne k\u0142opoty. Wiem, \u017ce cz\u0119sto my\u015blicie o wszystkich wok\u00f3\u0142, a zapominacie o sobie. Prosz\u0119, nie zapominajcie!<\/span><\/p>\n<p>Ograniczenie do 50 wyraz\u00f3w dotyczy wy\u0142\u0105cznie argumentacji zaproszenia, czyli cz\u0119\u015bci oznaczonej w przyk\u0142adzie na czerwono.<\/p>\n<p>6. Ka\u017cdy uczestnik konkursu mo\u017ce wzi\u0105\u0107 udzia\u0142 w konkursie jeden raz, wstawiaj\u0105c jeden komentarz. Propozycje wstawione pod innymi wpisami lub dostarczone organizatorowi w inny spos\u00f3b, nie b\u0119d\u0105 brane pod uwag\u0119 w konkursie.<\/p>\n<p>7. Komentarze zawieraj\u0105ce tre\u015bci obra\u017aliwe, niezgodne z prawem lub ewidentnie nie zwi\u0105zane z tematem konkursu b\u0119d\u0105 usuwane przez organizatora i nie b\u0119d\u0105 brane pod uwag\u0119 w konkursie. Decyzj\u0119 o usuni\u0119ciu k<span style=\"color: #000000;\">omentarza podejmuje organizator konkursu.<\/span><\/p>\n<p><span style=\"color: #000000;\">8. W konkursie zostanie przyznane jedno wyr\u00f3\u017cnienie dla autora jednego komentarza. Otrzyma on nagrod\u0119, o kt\u00f3rej mowa w pkt.5. Wyr\u00f3\u017cniony zostanie komentarz, kt\u00f3ry spe\u0142ni wszystkie wymogi konkursu i b\u0119dzie zawiera\u0142 najciekawsze, najbardziej przekonuj\u0105ce, najbardziej intryguj\u0105ce, najzabawniejsze, najbardziej przejmuj\u0105ce, najlogiczniejsze, najbardziej wzruszaj\u0105ce UZASADNIENIE zaproszenia do bada\u0144 profilaktycznych. Decyzj\u0119 o wyborze komentarza i przyznaniu wyr\u00f3\u017cnienia nale\u017cy do organizatora konkursu.<\/span><\/p>\n<p><span style=\"color: #000000;\">9. Zako\u0144czenie konkursu nast\u0105pi\u00a0 w dniu 31.10.2021r. o godzinie 20:00.<\/span><\/p>\n<p>10. Wyniki konkursu zostan\u0105 og\u0142oszone nie p\u00f3\u017aniej ni\u017c w dniu 07.11.2021r.\u00a0 na fanpagu Kolorowe raki. W og\u0142oszeniu wynik\u00f3w zostanie podana w po\u015bcie publicznym nazwa u\u017cytkownika, kt\u00f3ry otrzyma\u0142 wyr\u00f3\u017cnienie w konkursie. Tym samym wszystkie osoby bior\u0105ce udzia\u0142 w konkursie zgadzaj\u0105 si\u0119 na publikacj\u0119 tych danych w przypadku wyr\u00f3\u017cnienia.<\/p>\n<p>11. Po og\u0142oszeniu wynik\u00f3w organizator skontaktuje si\u0119 poprzez wiadomo\u015b\u0107 prywatn\u0105 z osob\u0105 wyr\u00f3\u017cnion\u0105, w celu ustalenia danych do wysy\u0142ki nagrody<\/p>\n<p>14. Koszty wysy\u0142ki nagrody ponosi organizator konkursu.<\/p>\n","protected":false},"excerpt":{"rendered":"<p>1. Organizatorem konkursu jest Agata Wiklik-Szczeblewska w\u0142a\u015bcicielka bloga &#8222;Kolorowe raki&#8221;. 2. W konkursie mog\u0105 wzi\u0105\u0107 udzia\u0142 wszyscy zainteresowani, nie spokrewnieni z organizatork\u0105, kt\u00f3rzy maj\u0105 dost\u0119p i mo\u017cliwo\u015b\u0107 komentowania na stronie https:\/\/www.facebook.com\/koloroweraki. 3. W konkursie przewidziana jest jedna nagroda &#8211; wyr\u00f3\u017cnienie, w sk\u0142ad kt\u00f3rej wchodz\u0105: kosmetyki firmy\u00a0Pharmaceris : \u0142agodz\u0105co-regeneruj\u0105cy krem do twarzy i cia\u0142a \u2013 PHARMACERIS &hellip; <\/p>\n<p class=\"link-more\"><a href=\"https:\/\/koloroweraki.pl\/index.php\/regulamin-konkursu-rozowe-zadanie\/\" class=\"more-link\">Czytaj dalej<span class=\"screen-reader-text\"> Regulamin konkursu &#8222;R\u00d3\u017bOWE ZADANIE&#8221;<\/span><\/a><\/p>\n","protected":false},"author":1,"featured_media":0,"parent":0,"menu_order":0,"comment_status":"closed","ping_status":"closed","template":"","meta":[],"_links":{"self":[{"href":"https:\/\/koloroweraki.pl\/index.php\/wp-json\/wp\/v2\/pages\/582"}],"collection":[{"href":"https:\/\/koloroweraki.pl\/index.php\/wp-json\/wp\/v2\/pages"}],"about":[{"href":"https:\/\/koloroweraki.pl\/index.php\/wp-json\/wp\/v2\/types\/page"}],"author":[{"embeddable":true,"href":"https:\/\/koloroweraki.pl\/index.php\/wp-json\/wp\/v2\/users\/1"}],"replies":[{"embeddable":true,"href":"https:\/\/koloroweraki.pl\/index.php\/wp-json\/wp\/v2\/comments?post=582"}],"version-history":[{"count":1,"href":"https:\/\/koloroweraki.pl\/index.php\/wp-json\/wp\/v2\/pages\/582\/revisions"}],"predecessor-version":[{"id":583,"href":"https:\/\/koloroweraki.pl\/index.php\/wp-json\/wp\/v2\/pages\/582\/revisions\/583"}],"wp:attachment":[{"href":"https:\/\/koloroweraki.pl\/index.php\/wp-json\/wp\/v2\/media?parent=582"}],"curies":[{"name":"wp","href":"https:\/\/api.w.org\/{rel}","templated":true}]}}