{"id":873,"date":"2022-05-19T10:23:37","date_gmt":"2022-05-19T08:23:37","guid":{"rendered":"https:\/\/koloroweraki.pl\/?page_id=873"},"modified":"2022-05-19T10:26:01","modified_gmt":"2022-05-19T08:26:01","slug":"regulamin-konkursu-potajemne-picie-czerwonej-oranzady","status":"publish","type":"page","link":"https:\/\/koloroweraki.pl\/index.php\/regulamin-konkursu-potajemne-picie-czerwonej-oranzady\/","title":{"rendered":"Regulamin konkursu &#8222;POTAJEMNE PICIE CZERWONEJ ORAN\u017bADY&#8221;"},"content":{"rendered":"<p>1. Organizatorem konkursu jest Agata Wiklik-Szczeblewska w\u0142a\u015bcicielka bloga &#8222;Kolorowe raki&#8221;.<\/p>\n<p>2. W konkursie mog\u0105 wzi\u0105\u0107 udzia\u0142 wszyscy zainteresowani, nie spokrewnieni z organizatork\u0105, kt\u00f3rzy maj\u0105 dost\u0119p i mo\u017cliwo\u015b\u0107 komentowania na stronie https:\/\/www.facebook.com\/koloroweraki.<\/p>\n<p>3. W konkursie przewidziane s\u0105 <span style=\"color: #0000ff;\"><strong>trzy r\u00f3wnorz\u0119dne nagrody<\/strong><\/span>,\u00a0 w kt\u00f3rych sk\u0142ad wchodz\u0105 kosmetyki marki Ingenii (ka\u017cdy zestaw po 1szt. trzech kosmetyk\u00f3w):<br \/>\n&#8211; <a href=\"https:\/\/onkobaza.pl\/produkty\/kosmetyk-twarz-ingenii-oliwka\/\" target=\"_blank\" rel=\"noopener\">Cleansing oil &#8211; hydrofilna oliwka do oczyszczania sk\u00f3ry twarzy, szyi i dekoltu<\/a><br \/>\n&#8211; <a href=\"https:\/\/onkobaza.pl\/produkty\/kosmetyk-twarz-ingenii-serum\/\" target=\"_blank\" rel=\"noopener\">Active Face Sreum &#8211; regeneruj\u0105ce serum z ekstraktem ze \u015bluzu \u015blimaka Helix Aspersa Muller i peptydami Matrixyl 3000\u00ae<\/a><br \/>\n&#8211; <a href=\"https:\/\/onkobaza.pl\/produkty\/kosmetyk-twarz-ingenii-mask\/\" target=\"_blank\" rel=\"noopener\">Active Face Mask &#8211; od\u017cywcza maska do piel\u0119gnacji sk\u00f3ry twarzy z peptydami Matrixyl 3000\u00ae i mocznikiem 5%<\/a><\/p>\n<p>Nagrodzonych zostanie maksymalnie 3 uczestnik\u00f3w konkursu. Jeden uczestnik nie mo\u017ce otrzyma\u0107 wi\u0119cej ni\u017c jedn\u0105 nagrod\u0119. W przypadku niewielkiej ilo\u015bci zg\u0142osze\u0144 konkursowych &#8211; organizator zastrzega mo\u017cliwo\u015b\u0107 nie przyznania wszystkich nagr\u00f3d.<\/p>\n<p>4. Rozpocz\u0119cie konkursu nast\u0119puje w dniu 22.05.2022r. wraz z publikacj\u0105 wpisu <span style=\"color: #000000;\">&#8222;<\/span>POTAJEMNE PICIE CZERWONEJ ORAN\u017bADY<span style=\"color: #000000;\">&#8221; na stronie https:\/\/www.facebook.com\/koloroweraki.<\/span><\/p>\n<p><span style=\"color: #000000;\">5. Zadaniem os\u00f3b bior\u0105cych udzia\u0142 w konkursie jest <span style=\"color: #0000ff;\"><strong>wstawienie w komentarzu do wpisu, o kt\u00f3rym mowa w pkt.4 <\/strong><\/span>\u00a0<span style=\"color: #0000ff;\"><strong>zdj\u0119cia przedstawiaj\u0105cego j\u0105 w roli onko-mamy. <\/strong><\/span>Zdj\u0119cie powinno przedstawia\u0107 uczestniczk\u0119 konkursu w roli pacjentki onkologicznej, b\u0119d\u0105cej r\u00f3wnocze\u015bnie mam\u0105. Na zdj\u0119ciu mo\u017ce, ale nie musi by\u0107 widoczne dziecko lub dzieci &#8211; przy czym w przypadku dzieci niepe\u0142noletnich rekomenduj\u0119 zas\u0142oni\u0119cie twarzy dziecka (np. grafik\u0105), w celu ochrony jego wizerunku. Wiek dziecka nie ma znaczenia, mo\u017ce by\u0107 ono zar\u00f3wno w brzuchu u mamy, jak i ca\u0142kowicie doros\u0142e.\u00a0 Konkursowe zdj\u0119cie mo\u017ce by\u0107 opatrzone podpisem, ale nie jest to wymagane. Propozycje wstawione pod innymi wpisami, czy udost\u0119pnieniami posta konkursowego lub dosta<\/span>rczone organizatorowi w inny spos\u00f3b, nie b\u0119d\u0105 brane pod uwag\u0119 w konkursie. W przypadku, gdyby jeden uczestnik zg\u0142osi\u0142 do konkursu wi\u0119cej ni\u017c jedno zdj\u0119cie, pod uwag\u0119 b\u0119dzie wzi\u0119te tylko to, kt\u00f3re zosta\u0142o wstawione jako pierwsze.<\/p>\n<p>6. Uczestnicy mog\u0105 zg\u0142osi\u0107 do konkursu wy\u0142\u0105cznie zdj\u0119cia b\u0119d\u0105ce ich w\u0142asno\u015bci\u0105. Organizator nie ponosi odpowiedzialno\u015bci za ewentualne nadu\u017cycie praw autorskich.<\/p>\n<p>7. Zdj\u0119cia zawieraj\u0105ce tre\u015bci obra\u017aliwe, niezgodne z prawem lub ewidentnie nie zwi\u0105zane z tematem konkursu b\u0119d\u0105 usuwane przez organizatora i nie b\u0119d\u0105 brane pod uwag\u0119 w konkursie. Decyzj\u0119 o usuni\u0119ciu komentarza podejmuje organizator ko<span style=\"color: #000000;\">nkursu.<\/span><\/p>\n<p><span style=\"color: #000000;\">8. <strong><span style=\"color: #0000ff;\">Zwyci\u0119zc\u00f3w konkursu wybierze organizator.<\/span><\/strong> G\u0142osy\u00a0 w postaci &#8222;polubie\u0144&#8221; lub komentarzy pod zdj\u0119ciami konkursowymi mog\u0105 by\u0107 dla organizatora wskaz\u00f3wk\u0105 w wyborze zwyci\u0119zc\u00f3w, ale nie s\u0105 decyduj\u0105ce.\u00a0<\/span><\/p>\n<p><span style=\"color: #000000;\">9. <strong><span style=\"color: #0000ff;\">Zako\u0144czenie konkursu nast\u0105pi\u00a0 w dniu 30.05.2022r. o godzinie 22:00. <\/span><\/strong>Zg\u0142oszenia zamieszczone po tym terminie nie b\u0119d\u0105 brane pod uwag\u0119.<\/span><\/p>\n<p><span style=\"color: #000000;\">10. Wyniki konkursu zostan\u0105 og\u0142oszone nie p\u00f3\u017aniej ni\u017c w dniu 08.06.2022r.\u00a0 na fanpagu Kolorowe raki. W og\u0142oszeniu wynik\u00f3w zostanie podana w p<\/span>o\u015bcie publicznym nazwa u\u017cytkownik\u00f3w, kt\u00f3rzy wygrali konkurs. Tym samym wszystkie osoby bior\u0105ce udzia\u0142 w konkursie zgadzaj\u0105 si\u0119 na publikacj\u0119 tych danych w przypadku zwyci\u0119stwa.<\/p>\n<p>11. Organizator zastrzega sobie mo\u017cliwo\u015b\u0107 zamieszczania informacji zwi\u0105zanych z konkursem na wszystkich prowadzonych przez siebie kana\u0142ach medialnych (FB, IG, WWW). Uczestnicy konkursu zamieszczaj\u0105c swoje zdj\u0119cia konkursowe wyra\u017caj\u0105 zgod\u0119 na publikacj\u0119 na wszystkich tych kana\u0142ach.<\/p>\n<p>12. Po og\u0142oszeniu wynik\u00f3w organizator skontaktuje si\u0119 poprzez wiadomo\u015b\u0107 prywatn\u0105 ze zwyci\u0119zcami konkursu, w celu ustalenia danych do wys\u0142ania nagrody.<\/p>\n<p>13. Koszty wysy\u0142ki nagrody ponosi organizator konkursu.<\/p>\n","protected":false},"excerpt":{"rendered":"<p>1. Organizatorem konkursu jest Agata Wiklik-Szczeblewska w\u0142a\u015bcicielka bloga &#8222;Kolorowe raki&#8221;. 2. W konkursie mog\u0105 wzi\u0105\u0107 udzia\u0142 wszyscy zainteresowani, nie spokrewnieni z organizatork\u0105, kt\u00f3rzy maj\u0105 dost\u0119p i mo\u017cliwo\u015b\u0107 komentowania na stronie https:\/\/www.facebook.com\/koloroweraki. 3. W konkursie przewidziane s\u0105 trzy r\u00f3wnorz\u0119dne nagrody,\u00a0 w kt\u00f3rych sk\u0142ad wchodz\u0105 kosmetyki marki Ingenii (ka\u017cdy zestaw po 1szt. trzech kosmetyk\u00f3w): &#8211; Cleansing oil &hellip; <\/p>\n<p class=\"link-more\"><a href=\"https:\/\/koloroweraki.pl\/index.php\/regulamin-konkursu-potajemne-picie-czerwonej-oranzady\/\" class=\"more-link\">Czytaj dalej<span class=\"screen-reader-text\"> Regulamin konkursu &#8222;POTAJEMNE PICIE CZERWONEJ ORAN\u017bADY&#8221;<\/span><\/a><\/p>\n","protected":false},"author":1,"featured_media":0,"parent":0,"menu_order":0,"comment_status":"closed","ping_status":"closed","template":"","meta":[],"_links":{"self":[{"href":"https:\/\/koloroweraki.pl\/index.php\/wp-json\/wp\/v2\/pages\/873"}],"collection":[{"href":"https:\/\/koloroweraki.pl\/index.php\/wp-json\/wp\/v2\/pages"}],"about":[{"href":"https:\/\/koloroweraki.pl\/index.php\/wp-json\/wp\/v2\/types\/page"}],"author":[{"embeddable":true,"href":"https:\/\/koloroweraki.pl\/index.php\/wp-json\/wp\/v2\/users\/1"}],"replies":[{"embeddable":true,"href":"https:\/\/koloroweraki.pl\/index.php\/wp-json\/wp\/v2\/comments?post=873"}],"version-history":[{"count":2,"href":"https:\/\/koloroweraki.pl\/index.php\/wp-json\/wp\/v2\/pages\/873\/revisions"}],"predecessor-version":[{"id":875,"href":"https:\/\/koloroweraki.pl\/index.php\/wp-json\/wp\/v2\/pages\/873\/revisions\/875"}],"wp:attachment":[{"href":"https:\/\/koloroweraki.pl\/index.php\/wp-json\/wp\/v2\/media?parent=873"}],"curies":[{"name":"wp","href":"https:\/\/api.w.org\/{rel}","templated":true}]}}